{"id":10,"date":"2021-12-14T11:46:50","date_gmt":"2021-12-14T10:46:50","guid":{"rendered":"https:\/\/byggdinframtid.se\/?page_id=10"},"modified":"2023-09-21T15:00:58","modified_gmt":"2023-09-21T13:00:58","slug":"for-skolan","status":"publish","type":"page","link":"https:\/\/byggdinframtid.se\/se\/for-skolan\/","title":{"rendered":"F\u00f6r skolan"},"content":{"rendered":"<h2>En sida f\u00f6r dig som jobbar med att inspirera och informera!<\/h2>\n<p><strong>H\u00e4r p\u00e5 Bygg din framtid kan du l\u00e4sa om de m\u00e5nga och sp\u00e4nnande yrken som finns i bygg- och anl\u00e4ggningsbranschen. Du informeras bland annat om de olika <a href=\"https:\/\/byggdinframtid.se\/vagar-till-byggbranschen\/vagar\/\" target=\"_blank\" rel=\"noopener\">utbildningsv\u00e4gar<\/a> som varje yrke kr\u00e4ver men du f\u00e5r ocks\u00e5 inspiration fr\u00e5n v\u00e5ra f\u00f6rebilder.<\/strong><\/p>\n<h3>V\u00e5ra f\u00f6rebilder<\/h3>\n<p>P\u00e5 Bygg din framtid finner du v\u00e5ra <a href=\"https:\/\/byggdinframtid.se\/vagar-till-byggbranschen\/vem-jobbar-i-branschen\/\" target=\"_blank\" rel=\"noopener\">yrkesf\u00f6rebilder<\/a> som ber\u00e4ttar om sina yrken och hur de hamnade d\u00e4r. Du f\u00e5r ocks\u00e5 m\u00f6ta v\u00e5ra <a href=\"https:\/\/byggdinframtid.se\/gymnasievalet\/vilka-gar-ba-programmet-idag\/\" target=\"_blank\" rel=\"noopener\">gymnasief\u00f6rebilder<\/a> som g\u00e5r bygg- och anl\u00e4ggningsprogrammet och d\u00e4rf\u00f6r kan delge sina tankar om utbildningen och varf\u00f6r de valde just den. Slutligen finner du p\u00e5 sidan <a href=\"https:\/\/byggdinframtid.se\/pabyggnad\/\">P\u00e5byggnad<\/a> en tredje grupp f\u00f6rebilder, de som valt att ta \u00e4nnu ett steg inom branschen.<\/p>\n<h3>Hitta din utbildning<\/h3>\n<p>Genom v\u00e5r s\u00f6kfunktion kan du <a href=\"https:\/\/byggdinframtid.se\/hitta-utbildning\/\">hitta skolor<\/a> och utbildningsanordnare som erbjuder Bygg- och anl\u00e4ggningsprogrammet.\u00a0 Du kan g\u00f6ra olika sorteringsval som programinriktning, yrke, l\u00e4n och s\u00e5 vidare f\u00f6r att f\u00e5 fram relevanta skolor\/utbildningar. Det g\u00e5r \u00e4ven att g\u00f6ra en fritexts\u00f6kning. Urvalet g\u00e5r att ta del av b\u00e5de som en lista och i kartvy!<\/p>\n<h3>Prata bygg p\u00e5 fyra spr\u00e5k<\/h3>\n<p>Bygg din framtids yrkesbeskrivningar \u00e4r \u00f6versatta till engelska, farsi och arabiska. Som ytterligare komplement har en <a href=\"https:\/\/byggdinframtid.se\/se\/wp-content\/uploads\/sites\/1\/2023\/09\/BDF-ordlista-A4-Farsi-Arabiska-Engelska-v4.pdf\">ordlista<\/a>\u00a0tagits fram, \u00e4ven den p\u00e5 engelska, farsi och arabiska.<\/p>\n<h3>En intressev\u00e4ckande broschyr<\/h3>\n<p>Ut\u00f6ver v\u00e5r hemsida finns en broschyr, Bygg- och anl\u00e4ggningsprogrammet. Den inneh\u00e5ller information om v\u00e5ra 16 yrken. Dessa yrken representeras av 16 f\u00f6rebilder som i sin tur inspirerar och bjuder p\u00e5 sina tankar om branschen.<br \/>\nBroschyren finns b\u00e5de att tillg\u00e5 digitalt som PDF och fysiskt i papper. Som komplement till den stora broschyren finns \u00e4ven en mini-folder, den passar perfekt f\u00f6r m\u00e4ssor och \u00f6ppet hus-event.<\/p>\n<p>Vars\u00e5god att ta del av broschyren som PDF via <a href=\"https:\/\/gratisiskolan.se\/byggindustrins-yrken.html\" target=\"_blank\" rel=\"noopener\">Gratis i skolan<\/a>.<br \/>\nEller som pappersbroschyr via <a href=\"https:\/\/www.utbudet.se\/produkter\/syv-arbetsmarknad\/bygg-och-anlaggningsprogrammet\">utbudet.se<\/a> eller BYNs egen <a href=\"https:\/\/e-handel.atta45.se\/System\/Login?ReturnUrl=%2fSystem%2fDefault.aspx%3fp%3dOnline%26cid%3dBYN1&amp;p=Online\" target=\"_blank\" rel=\"noopener\">e-handelsportal<\/a>.<\/p>\n","protected":false},"excerpt":{"rendered":"<p>En sida f\u00f6r dig som jobbar med att inspirera och informera!<br \/>\nH\u00e4r p\u00e5 Bygg din framtid kan du l\u00e4sa om de m\u00e5nga och sp\u00e4nnande yrken som finns i bygg- och anl\u00e4ggningsbranschen. Du informeras bland annat om de olika utbildningsv\u00e4gar som varje yrke kr\u00e4ver men du f\u00e5r ocks\u00e5 inspiration fr\u00e5n v\u00e5ra f\u00f6rebilder.<\/p>\n","protected":false},"author":1,"featured_media":0,"parent":0,"menu_order":60,"comment_status":"closed","ping_status":"closed","template":"","meta":{"footnotes":""},"class_list":["post-10","page","type-page","status-publish","hentry"],"_links":{"self":[{"href":"https:\/\/byggdinframtid.se\/se\/wp-json\/wp\/v2\/pages\/10","targetHints":{"allow":["GET"]}}],"collection":[{"href":"https:\/\/byggdinframtid.se\/se\/wp-json\/wp\/v2\/pages"}],"about":[{"href":"https:\/\/byggdinframtid.se\/se\/wp-json\/wp\/v2\/types\/page"}],"author":[{"embeddable":true,"href":"https:\/\/byggdinframtid.se\/se\/wp-json\/wp\/v2\/users\/1"}],"replies":[{"embeddable":true,"href":"https:\/\/byggdinframtid.se\/se\/wp-json\/wp\/v2\/comments?post=10"}],"version-history":[{"count":20,"href":"https:\/\/byggdinframtid.se\/se\/wp-json\/wp\/v2\/pages\/10\/revisions"}],"predecessor-version":[{"id":4970,"href":"https:\/\/byggdinframtid.se\/se\/wp-json\/wp\/v2\/pages\/10\/revisions\/4970"}],"wp:attachment":[{"href":"https:\/\/byggdinframtid.se\/se\/wp-json\/wp\/v2\/media?parent=10"}],"curies":[{"name":"wp","href":"https:\/\/api.w.org\/{rel}","templated":true}]}}