{"id":104,"date":"2022-03-12T01:49:59","date_gmt":"2022-03-12T00:49:59","guid":{"rendered":"https:\/\/byggdinframtid.se\/?page_id=104"},"modified":"2023-03-22T17:32:41","modified_gmt":"2023-03-22T16:32:41","slug":"om-gymnasievalet","status":"publish","type":"page","link":"https:\/\/byggdinframtid.se\/se\/gymnasievalet\/om-gymnasievalet\/","title":{"rendered":"Om gymnasievalet"},"content":{"rendered":"<h2>Hj\u00e4lp! Jag ska v\u00e4lja till gymnasiet!<\/h2>\n<p><strong>Vi vet. Det kan k\u00e4nnas stort och dramatiskt att v\u00e4lja gymnasium och utbildning. Men egentligen det beh\u00f6ver inte vara s\u00e5 komplicerat \u2013 bara du har en metod som hj\u00e4lper dig att komma fram till r\u00e4tt val. H\u00e4r f\u00f6ljer en checklista som underl\u00e4ttar din valprocess. Och en checklista f\u00f6r f\u00f6r\u00e4ldrar ocks\u00e5.<\/strong><\/p>\n<h3>Du som \u00e4r elev<\/h3>\n<ul>\n<li><strong>L\u00e5t dina intressen styra valet<\/strong>. Vad \u00e4r du bra p\u00e5, vad vill du g\u00f6ra? Fundera och g\u00f6r en lista \u00f6ver dina styrkor och intressen.<\/li>\n<li><strong>Kompisar \u00e4r bra, men\u2026<\/strong> Lyssna inte f\u00f6r mycket p\u00e5 deras planer. Det \u00e4r DIN framtid som ska byggas, inte deras.<\/li>\n<li><strong>Snacka med skolan som du \u00e4r intresserad av<\/strong>. De flesta har \u00f6ppet hus och andra m\u00f6jligheter till bes\u00f6k. Ta chansen och g\u00e5 dit!<\/li>\n<li><strong>B\u00f6rja i god tid<\/strong>. Samla ihop alternativen, v\u00e4g dem mot varandra. N\u00e4r tiden \u00e4r mogen s\u00e5 \u00e4r valet l\u00e4ttare att g\u00f6ra.<\/li>\n<li><strong>Snacka med en insatt person<\/strong>. Studie- och yrkesv\u00e4gledaren p\u00e5 din skola \u00e4r ett bra tips.<\/li>\n<li><strong>Ta reda p\u00e5 fakta<\/strong>. Lita inte p\u00e5 rykten eller snack, se till att skapa dig en objektiv bild av skolan och programmet du funderar p\u00e5.<\/li>\n<\/ul>\n<h3>Du som \u00e4r f\u00f6r\u00e4lder<\/h3>\n<ul>\n<li><strong> St\u00f6tta ditt barn<\/strong>. Lyssna in hur tankarna g\u00e5r, hj\u00e4lp till att resonera, s\u00e4tt dig in i valm\u00f6jligheterna.<\/li>\n<li><strong>L\u00e4s p\u00e5 fakta om de olika programmen<\/strong>. De kan heta en sak, men inneh\u00e5lla s\u00e5 mycket mer \u00e4n du tror.<\/li>\n<li><strong>H\u00e4ng med ditt barn<\/strong>. \u00c5k med p\u00e5 m\u00e4ssor, var med p\u00e5 ett samtal med studie- och yrkesv\u00e4gledaren, bes\u00f6k de aktuella skolorna.<\/li>\n<li><strong>L\u00e5t barnet v\u00e4lja<\/strong>. Du st\u00f6ttar, men det \u00e4r ditt barn som m\u00e5ste f\u00e5 g\u00f6ra valet.<\/li>\n<li><strong>Dra ner dramatiken<\/strong>. Det \u00e4r inte s\u00e4rskilt farligt om ett val skulle bli fel. Allt g\u00e5r att \u00e4ndra och justera i efterhand. Ditt barn har trots allt tiden och framtiden framf\u00f6r sig.<\/li>\n<\/ul>\n<p><img decoding=\"async\" class=\"alignnone wp-image-4569\" src=\"https:\/\/byggdinframtid.se\/wp-content\/uploads\/sites\/1\/2022\/06\/JES4284-scaled.jpg\" alt=\"\" width=\"690\" height=\"auto\" srcset=\"https:\/\/byggdinframtid.se\/se\/wp-content\/uploads\/sites\/1\/2022\/06\/JES4284-scaled.jpg 2560w, https:\/\/byggdinframtid.se\/se\/wp-content\/uploads\/sites\/1\/2022\/06\/JES4284-300x200.jpg 300w, https:\/\/byggdinframtid.se\/se\/wp-content\/uploads\/sites\/1\/2022\/06\/JES4284-690x460.jpg 690w, https:\/\/byggdinframtid.se\/se\/wp-content\/uploads\/sites\/1\/2022\/06\/JES4284-768x512.jpg 768w, https:\/\/byggdinframtid.se\/se\/wp-content\/uploads\/sites\/1\/2022\/06\/JES4284-1536x1025.jpg 1536w, https:\/\/byggdinframtid.se\/se\/wp-content\/uploads\/sites\/1\/2022\/06\/JES4284-2048x1366.jpg 2048w, https:\/\/byggdinframtid.se\/se\/wp-content\/uploads\/sites\/1\/2022\/06\/JES4284-570x380.jpg 570w, https:\/\/byggdinframtid.se\/se\/wp-content\/uploads\/sites\/1\/2022\/06\/JES4284-120x80.jpg 120w\" sizes=\"(max-width: 2560px) 100vw, 2560px\" \/><\/p>\n","protected":false},"excerpt":{"rendered":"<p>Hj\u00e4lp! Jag ska v\u00e4lja till gymnasiet!<br \/>\nVi vet. Det kan k\u00e4nnas stort och dramatiskt att v\u00e4lja gymnasium och utbildning. Men egentligen det beh\u00f6ver inte vara s\u00e5 komplicerat \u2013 bara du har en metod som hj\u00e4lper dig att komma fram till r\u00e4tt val. H\u00e4r f\u00f6ljer en checklista som underl\u00e4ttar din valprocess. Och en checklista f\u00f6r f\u00f6r\u00e4ldrar ocks\u00e5.<\/p>\n","protected":false},"author":1,"featured_media":0,"parent":52,"menu_order":10,"comment_status":"closed","ping_status":"closed","template":"","meta":{"footnotes":""},"class_list":["post-104","page","type-page","status-publish","hentry"],"_links":{"self":[{"href":"https:\/\/byggdinframtid.se\/se\/wp-json\/wp\/v2\/pages\/104","targetHints":{"allow":["GET"]}}],"collection":[{"href":"https:\/\/byggdinframtid.se\/se\/wp-json\/wp\/v2\/pages"}],"about":[{"href":"https:\/\/byggdinframtid.se\/se\/wp-json\/wp\/v2\/types\/page"}],"author":[{"embeddable":true,"href":"https:\/\/byggdinframtid.se\/se\/wp-json\/wp\/v2\/users\/1"}],"replies":[{"embeddable":true,"href":"https:\/\/byggdinframtid.se\/se\/wp-json\/wp\/v2\/comments?post=104"}],"version-history":[{"count":11,"href":"https:\/\/byggdinframtid.se\/se\/wp-json\/wp\/v2\/pages\/104\/revisions"}],"predecessor-version":[{"id":4889,"href":"https:\/\/byggdinframtid.se\/se\/wp-json\/wp\/v2\/pages\/104\/revisions\/4889"}],"up":[{"embeddable":true,"href":"https:\/\/byggdinframtid.se\/se\/wp-json\/wp\/v2\/pages\/52"}],"wp:attachment":[{"href":"https:\/\/byggdinframtid.se\/se\/wp-json\/wp\/v2\/media?parent=104"}],"curies":[{"name":"wp","href":"https:\/\/api.w.org\/{rel}","templated":true}]}}