{"id":123,"date":"2022-03-12T02:05:36","date_gmt":"2022-03-12T01:05:36","guid":{"rendered":"https:\/\/byggdinframtid.se\/?page_id=123"},"modified":"2023-12-11T15:18:17","modified_gmt":"2023-12-11T14:18:17","slug":"vagar","status":"publish","type":"page","link":"https:\/\/byggdinframtid.se\/se\/vagar-till-byggbranschen\/vagar\/","title":{"rendered":"Tre v\u00e4gar till byggbranschen"},"content":{"rendered":"<p><strong>Blivande yrkesarbetare inom bygg- och anl\u00e4ggningsbranschen har tre utbildningsv\u00e4gar att v\u00e4lja p\u00e5 f\u00f6r att kunna f\u00e5 ett yrkesbevis; via gymnasieskolan, via vuxenutbildning (VUX) eller genom att arbeta som f\u00f6retagsl\u00e4rling p\u00e5 ett f\u00f6retag.<br \/>\n<\/strong><\/p>\n<h3>F\u00f6rst en grundutbildning<\/h3>\n<p>F\u00f6r att kunna r\u00e4knas som f\u00e4rdigutbildad och f\u00e5 ut ett yrkesbevis beh\u00f6vs tv\u00e5 saker.<br \/>\nF\u00f6rst en formell grundutbildning fr\u00e5n antingen;<\/p>\n<ul>\n<li>Gymnasieskolans bygg- och anl\u00e4ggningsprogram<\/li>\n<li>F\u00f6retagsl\u00e4rling<\/li>\n<li>Vuxenutbildning (VUX)<\/li>\n<\/ul>\n<h3>Sedan kvalificeringstid<\/h3>\n<p>D\u00e4refter kvalificeringstid som anst\u00e4lld l\u00e4rling. Kvalificeringstidens l\u00e4ngd varierar mellan 24 till 36 m\u00e5nader beroende p\u00e5 vilket yrke du valt att fokusera p\u00e5. Det \u00e4r n\u00e4r den \u00e4r avslutad som du \u00e4r ber\u00e4ttigad ett yrkesbevis. Under din kvalificeringstid f\u00e5r du l\u00e4rlingsl\u00f6n enligt avtal. Du m\u00e5ste sj\u00e4lv s\u00f6ka anst\u00e4llning som l\u00e4rling. Hur l\u00e5ng kvalificeringstid varje yrke har g\u00e5r att l\u00e4sa om under <a href=\"https:\/\/byggdinframtid.se\/se\/yrken\/\">v\u00e5ra yrken<\/a>.<\/p>\n<h3>Slutligen ett yrkesbevis<\/h3>\n<p>Med ett yrkesbevis i handen \u00f6ppnar sig flera m\u00f6jligheter. Det \u00e4r ett tydligt kunskapsbevis vid nyanst\u00e4llning, det g\u00f6r dig till en attraktivare arbetare p\u00e5 arbetsmarknaden, du f\u00e5r en garanterad l\u00f6n samt en trygghet vid os\u00e4kra tider (t.ex. vid varsel).<\/p>\n","protected":false},"excerpt":{"rendered":"<p>Blivande yrkesarbetare inom bygg- och anl\u00e4ggningsbranschen har tre utbildningsv\u00e4gar att v\u00e4lja p\u00e5 f\u00f6r att kunna f\u00e5 ett yrkesbevis; via gymnasieskolan, via vuxenutbildning (VUX) eller genom att arbeta som f\u00f6retagsl\u00e4rling p\u00e5 ett f\u00f6retag.<\/p>\n","protected":false},"author":1,"featured_media":0,"parent":108,"menu_order":30,"comment_status":"closed","ping_status":"closed","template":"","meta":{"footnotes":""},"class_list":["post-123","page","type-page","status-publish","hentry"],"_links":{"self":[{"href":"https:\/\/byggdinframtid.se\/se\/wp-json\/wp\/v2\/pages\/123","targetHints":{"allow":["GET"]}}],"collection":[{"href":"https:\/\/byggdinframtid.se\/se\/wp-json\/wp\/v2\/pages"}],"about":[{"href":"https:\/\/byggdinframtid.se\/se\/wp-json\/wp\/v2\/types\/page"}],"author":[{"embeddable":true,"href":"https:\/\/byggdinframtid.se\/se\/wp-json\/wp\/v2\/users\/1"}],"replies":[{"embeddable":true,"href":"https:\/\/byggdinframtid.se\/se\/wp-json\/wp\/v2\/comments?post=123"}],"version-history":[{"count":11,"href":"https:\/\/byggdinframtid.se\/se\/wp-json\/wp\/v2\/pages\/123\/revisions"}],"predecessor-version":[{"id":4992,"href":"https:\/\/byggdinframtid.se\/se\/wp-json\/wp\/v2\/pages\/123\/revisions\/4992"}],"up":[{"embeddable":true,"href":"https:\/\/byggdinframtid.se\/se\/wp-json\/wp\/v2\/pages\/108"}],"wp:attachment":[{"href":"https:\/\/byggdinframtid.se\/se\/wp-json\/wp\/v2\/media?parent=123"}],"curies":[{"name":"wp","href":"https:\/\/api.w.org\/{rel}","templated":true}]}}