{"id":130,"date":"2022-03-12T02:08:33","date_gmt":"2022-03-12T01:08:33","guid":{"rendered":"https:\/\/byggdinframtid.se\/?page_id=130"},"modified":"2023-09-28T08:54:49","modified_gmt":"2023-09-28T06:54:49","slug":"inspiration-via-film","status":"publish","type":"page","link":"https:\/\/byggdinframtid.se\/se\/for-skolan\/inspiration-via-film\/","title":{"rendered":"Inspiration via film"},"content":{"rendered":"<p>I arbetet med att n\u00e5 ut till elever med information om bygg- och anl\u00e4ggningsprogrammet samt om byggbranschen har vi skapat n\u00e5gra filmer. I tre av filmerna f\u00e5r vi tr\u00e4ffa elever fr\u00e5n BA-programmet som delar med sig av sina tankar om utbildningen och framtiden. I den fj\u00e4rde, Yrkesfilmen, bjuder vi p\u00e5 hela byggbranschen! Yrkesfilmen finns \u00e4ven med text \u00f6versatt till farsi och arabiska. <\/p>\n","protected":false},"excerpt":{"rendered":"<p>I arbetet med att n\u00e5 ut till elever med information om bygg- och anl\u00e4ggningsprogrammet samt om byggbranschen har vi skapat n\u00e5gra filmer. I tre av filmerna f\u00e5r vi tr\u00e4ffa elever fr\u00e5n BA-programmet som delar med sig av sina tankar om utbildningen och framtiden. I den fj\u00e4rde, Yrkesfilmen, bjuder vi p\u00e5 hela byggbranschen! Yrkesfilmen finns \u00e4ven med text \u00f6versatt till farsi och arabiska.<\/p>\n","protected":false},"author":1,"featured_media":4920,"parent":10,"menu_order":10,"comment_status":"closed","ping_status":"closed","template":"template-videocolumns.php","meta":{"footnotes":""},"class_list":["post-130","page","type-page","status-publish","has-post-thumbnail","hentry"],"_links":{"self":[{"href":"https:\/\/byggdinframtid.se\/se\/wp-json\/wp\/v2\/pages\/130","targetHints":{"allow":["GET"]}}],"collection":[{"href":"https:\/\/byggdinframtid.se\/se\/wp-json\/wp\/v2\/pages"}],"about":[{"href":"https:\/\/byggdinframtid.se\/se\/wp-json\/wp\/v2\/types\/page"}],"author":[{"embeddable":true,"href":"https:\/\/byggdinframtid.se\/se\/wp-json\/wp\/v2\/users\/1"}],"replies":[{"embeddable":true,"href":"https:\/\/byggdinframtid.se\/se\/wp-json\/wp\/v2\/comments?post=130"}],"version-history":[{"count":8,"href":"https:\/\/byggdinframtid.se\/se\/wp-json\/wp\/v2\/pages\/130\/revisions"}],"predecessor-version":[{"id":4972,"href":"https:\/\/byggdinframtid.se\/se\/wp-json\/wp\/v2\/pages\/130\/revisions\/4972"}],"up":[{"embeddable":true,"href":"https:\/\/byggdinframtid.se\/se\/wp-json\/wp\/v2\/pages\/10"}],"wp:featuredmedia":[{"embeddable":true,"href":"https:\/\/byggdinframtid.se\/se\/wp-json\/wp\/v2\/media\/4920"}],"wp:attachment":[{"href":"https:\/\/byggdinframtid.se\/se\/wp-json\/wp\/v2\/media?parent=130"}],"curies":[{"name":"wp","href":"https:\/\/api.w.org\/{rel}","templated":true}]}}