{"id":30,"date":"2021-12-16T12:01:21","date_gmt":"2021-12-16T11:01:21","guid":{"rendered":"https:\/\/byggdinframtid.se\/?page_id=30"},"modified":"2023-08-25T21:37:32","modified_gmt":"2023-08-25T19:37:32","slug":"yrken","status":"publish","type":"page","link":"https:\/\/byggdinframtid.se\/se\/yrken\/","title":{"rendered":"Yrken inom byggbranschen"},"content":{"rendered":"<p>Inom bygg- och anl\u00e4ggningsbranschen finns m\u00e5nga sp\u00e4nnande yrken och arbetsuppgifter. Byggare av olika slag arbetar med hus och anl\u00e4ggningar fr\u00e5n id\u00e9 till verklighet. Valet av arbetsredskap \u00e4r ditt \u2013 dator, hammare, laserverktyg eller murslev.<\/p>\n<h3>Utbildningsv\u00e4gar<\/h3>\n<p>Blivande yrkesarbetare inom bygg- och anl\u00e4ggningsbranschen har tre utbildningsv\u00e4gar att v\u00e4lja p\u00e5 f\u00f6r att kunna f\u00e5 ett yrkesbevis; via <a href=\"https:\/\/byggdinframtid.se\/se\/vagar-till-byggbranschen\/vagar\/gymnasium\/\" target=\"_blank\" rel=\"noopener\">gymnasieskolan<\/a>, via <a href=\"https:\/\/byggdinframtid.se\/se\/vagar-till-byggbranschen\/vagar\/vuxenutbildning\/\" target=\"_blank\" rel=\"noopener\">vuxenutbildning (VUX)<\/a> eller genom att arbeta som <a href=\"https:\/\/byggdinframtid.se\/se\/vagar-till-byggbranschen\/vagar\/foretagslarling\/\" target=\"_blank\" rel=\"noopener\">f\u00f6retagsl\u00e4rling<\/a> p\u00e5 ett f\u00f6retag.<\/p>\n","protected":false},"excerpt":{"rendered":"<p>Inom bygg- och anl\u00e4ggningsbranschen finns m\u00e5nga sp\u00e4nnande yrken och arbetsuppgifter. Byggare av olika slag arbetar med hus och anl\u00e4ggningar fr\u00e5n id\u00e9 till verklighet. Valet av arbetsredskap \u00e4r ditt \u2013 dator, hammare, laserverktyg eller murslev.<\/p>\n","protected":false},"author":1,"featured_media":0,"parent":0,"menu_order":30,"comment_status":"closed","ping_status":"closed","template":"template-occupations.php","meta":{"footnotes":""},"class_list":["post-30","page","type-page","status-publish","hentry"],"_links":{"self":[{"href":"https:\/\/byggdinframtid.se\/se\/wp-json\/wp\/v2\/pages\/30","targetHints":{"allow":["GET"]}}],"collection":[{"href":"https:\/\/byggdinframtid.se\/se\/wp-json\/wp\/v2\/pages"}],"about":[{"href":"https:\/\/byggdinframtid.se\/se\/wp-json\/wp\/v2\/types\/page"}],"author":[{"embeddable":true,"href":"https:\/\/byggdinframtid.se\/se\/wp-json\/wp\/v2\/users\/1"}],"replies":[{"embeddable":true,"href":"https:\/\/byggdinframtid.se\/se\/wp-json\/wp\/v2\/comments?post=30"}],"version-history":[{"count":7,"href":"https:\/\/byggdinframtid.se\/se\/wp-json\/wp\/v2\/pages\/30\/revisions"}],"predecessor-version":[{"id":4933,"href":"https:\/\/byggdinframtid.se\/se\/wp-json\/wp\/v2\/pages\/30\/revisions\/4933"}],"wp:attachment":[{"href":"https:\/\/byggdinframtid.se\/se\/wp-json\/wp\/v2\/media?parent=30"}],"curies":[{"name":"wp","href":"https:\/\/api.w.org\/{rel}","templated":true}]}}