{"id":4180,"date":"2022-05-03T10:33:55","date_gmt":"2022-05-03T08:33:55","guid":{"rendered":"https:\/\/byggdinframtid.se\/?page_id=4180"},"modified":"2023-08-25T21:38:35","modified_gmt":"2023-08-25T19:38:35","slug":"foretagslarling","status":"publish","type":"page","link":"https:\/\/byggdinframtid.se\/se\/vagar-till-byggbranschen\/vagar\/foretagslarling\/","title":{"rendered":"F\u00f6retagsl\u00e4rling"},"content":{"rendered":"<p><b>Att vara f\u00f6retagsl\u00e4rling inneb\u00e4r normalt att du g\u00f6r hela din grundutbildning som anst\u00e4lld p\u00e5 ett f\u00f6retag. Det kan ocks\u00e5 vara s\u00e5 att du saknar n\u00e5gon del fr\u00e5n tidigare utbildning (t.ex. gymnasiet) och d\u00e4rf\u00f6r beh\u00f6ver komplettera dina kunskaper.<\/b><\/p>\n<h3>YRKESTEORETISK DISTANSUTBILDNING + PRAKTISK UTBILDNING<\/h3>\n<p>Grundutbildningen en f\u00f6retagsl\u00e4rling ska g\u00e5 igenom inneh\u00e5ller en yrkesteoretisk distansutbildning som betalas av f\u00f6retaget samt en praktisk utbildning som sker p\u00e5 f\u00f6retaget. Den teoretiska och praktiska utbildningen ska genomf\u00f6ras inom loppet av 12 m\u00e5nader (f\u00f6r maskinf\u00f6rare inom 6 m\u00e5nader) fr\u00e5n utbildningsstart. Uppskattad tid f\u00f6r den yrkesteoretiska utbildningen \u00e4r cirka 100 timmar, men det varierar n\u00e5got beroende p\u00e5 valt yrke.<\/p>\n<h3>Vem kan bli f\u00f6retagsl\u00e4rling?<\/h3>\n<p>Egentligen kan vem som helst bli f\u00f6retagsl\u00e4rling. Det kr\u00e4vs ingen f\u00f6rkunskap. Det viktiga \u00e4r att hitta ett f\u00f6retag som vill anst\u00e4lla en f\u00f6retagsl\u00e4rling. F\u00f6retaget m\u00e5ste ha kollektivavtal eller h\u00e4ngavtal. Att vara f\u00f6retagsl\u00e4rling inneb\u00e4r att vara anst\u00e4lld som l\u00e4rling utan eller med bara delar av en godk\u00e4nd grundutbildning. Denna utbildning ska nu bekostas och delvis utf\u00f6ras av f\u00f6retaget. Minimi\u00e5lder f\u00f6r en f\u00f6retagsl\u00e4rling \u00e4r dock 18 \u00e5r. Om ett f\u00f6retag \u00f6nskar att anst\u00e4lla en l\u00e4rling som \u00e4r under 18 \u00e5r m\u00e5ste ett <em>undantag<\/em> s\u00f6kas hos <a href=\"https:\/\/byggdinframtid.se\/se\/kontakt\/\">BYN<\/a> innan anst\u00e4llningen som l\u00e4rling kan bli aktuell.<\/p>\n<h3>KVALIFICERINGSTID<\/h3>\n<p>Tiden efter grundutbildningen heter kvalificeringstid, under denna tid arbetar du som l\u00e4rling p\u00e5 ett f\u00f6retag. Kvalificeringstiden varierar fr\u00e5n 24-36 m\u00e5nader beroende p\u00e5 yrke, d\u00e4refter kan du ans\u00f6ka om yrkesbevis. Under kvalificeringstiden f\u00e5r du l\u00e4rlingsl\u00f6n enligt avtal. Du m\u00e5ste sj\u00e4lv s\u00f6ka anst\u00e4llning som l\u00e4rling p\u00e5 ett f\u00f6retag med kollektivavtal eller h\u00e4ngavtal.<\/p>\n","protected":false},"excerpt":{"rendered":"<p>Att vara f\u00f6retagsl\u00e4rling inneb\u00e4r normalt att du g\u00f6r hela din grundutbildning som anst\u00e4lld p\u00e5 ett f\u00f6retag. Det kan ocks\u00e5 vara s\u00e5 att du saknar n\u00e5gon del fr\u00e5n tidigare utbildning (t.ex. gymnasiet) och d\u00e4rf\u00f6r beh\u00f6ver komplettera dina kunskaper.<\/p>\n","protected":false},"author":1,"featured_media":4387,"parent":123,"menu_order":20,"comment_status":"closed","ping_status":"closed","template":"","meta":{"footnotes":""},"class_list":["post-4180","page","type-page","status-publish","has-post-thumbnail","hentry"],"_links":{"self":[{"href":"https:\/\/byggdinframtid.se\/se\/wp-json\/wp\/v2\/pages\/4180","targetHints":{"allow":["GET"]}}],"collection":[{"href":"https:\/\/byggdinframtid.se\/se\/wp-json\/wp\/v2\/pages"}],"about":[{"href":"https:\/\/byggdinframtid.se\/se\/wp-json\/wp\/v2\/types\/page"}],"author":[{"embeddable":true,"href":"https:\/\/byggdinframtid.se\/se\/wp-json\/wp\/v2\/users\/1"}],"replies":[{"embeddable":true,"href":"https:\/\/byggdinframtid.se\/se\/wp-json\/wp\/v2\/comments?post=4180"}],"version-history":[{"count":16,"href":"https:\/\/byggdinframtid.se\/se\/wp-json\/wp\/v2\/pages\/4180\/revisions"}],"predecessor-version":[{"id":4935,"href":"https:\/\/byggdinframtid.se\/se\/wp-json\/wp\/v2\/pages\/4180\/revisions\/4935"}],"up":[{"embeddable":true,"href":"https:\/\/byggdinframtid.se\/se\/wp-json\/wp\/v2\/pages\/123"}],"wp:featuredmedia":[{"embeddable":true,"href":"https:\/\/byggdinframtid.se\/se\/wp-json\/wp\/v2\/media\/4387"}],"wp:attachment":[{"href":"https:\/\/byggdinframtid.se\/se\/wp-json\/wp\/v2\/media?parent=4180"}],"curies":[{"name":"wp","href":"https:\/\/api.w.org\/{rel}","templated":true}]}}