{"id":4185,"date":"2022-05-03T11:06:59","date_gmt":"2022-05-03T09:06:59","guid":{"rendered":"https:\/\/byggdinframtid.se\/?page_id=4185"},"modified":"2022-12-14T16:40:04","modified_gmt":"2022-12-14T15:40:04","slug":"vuxenutbildning","status":"publish","type":"page","link":"https:\/\/byggdinframtid.se\/se\/vagar-till-byggbranschen\/vagar\/vuxenutbildning\/","title":{"rendered":"Vuxenutbildning"},"content":{"rendered":"<p><strong>Det finns flera s\u00e4tt att som vuxen utbilda sig till ett yrke inom byggbranschen. Du kan dels g\u00e5 bygg- och anl\u00e4ggningsprogrammet p\u00e5 VUX (gymnasieskola f\u00f6r vuxna) eller en arbetsmarknadsutbildning via Arbetsf\u00f6rmedlingen. Det g\u00e5r \u00e4ven att v\u00e4lja att utbilda sig via ett utbildningsf\u00f6retag. M\u00f6jligheterna \u00e4r m\u00e5nga!<\/strong><\/p>\n<h3>G\u00e5 i skolan eller vara ute och jobba?<\/h3>\n<p>Det finns tv\u00e5 uppl\u00e4gg; Skolf\u00f6rlagd och VUX l\u00e4rlingssystem.<\/p>\n<p><strong>Skolf\u00f6rlagd<\/strong> p\u00e5minner v\u00e4ldigt mycket om gymnasieskolans utbildningsuppl\u00e4gg. Dock l\u00e4ser du endast yrkeskurser. Under utbildningen varvas teoretisk och praktisk utbildning i skolan med utbildning p\u00e5 en arbetsplats, s\u00e5 kallat arbetsplatsf\u00f6rlagt l\u00e4rande (apl). Din apl \u00e4r ca 15% av den totala utbildningstiden. Utbildningarnas l\u00e4ngd varierar n\u00e5got men p\u00e5g\u00e5r oftast under ett \u00e5r. Utbildningstiden baseras p\u00e5 utbildningstempot, valet av yrke och skolans eget uppl\u00e4gg.<\/p>\n<p><strong>VUX l\u00e4rlingssystem<\/strong> g\u00e5r ut p\u00e5 att st\u00f6rre delen, upp till 70%, av din utbildning \u00e4r f\u00f6retagsbelagd. Den teoretiska utbildningen sker i klassrum. Utbildningarnas l\u00e4ngd varierar n\u00e5got men p\u00e5g\u00e5r oftast under ett \u00e5r. Utbildningstiden baseras p\u00e5 utbildningstempot, valet av yrke och skolans eget uppl\u00e4gg.<\/p>\n<h3>Vem kan g\u00e5 en vuxenutbildning?<\/h3>\n<p>Du f\u00e5r g\u00e5 gymnasial vuxenutbildning fr\u00e5n 1 juli det \u00e5r du fyller 20 \u00e5r. Du kan vara beh\u00f6rig \u00e4ven om du \u00e4r under 20 \u00e5r om du har g\u00e5tt f\u00e4rdigt ett nationellt program eller liknande utbildning i gymnasieskolan.<\/p>\n<h3>KVALIFICERINGSTID<\/h3>\n<p>Tiden efter grundutbildningen heter kvalificeringstid, under denna tid arbetar du som l\u00e4rling p\u00e5 ett f\u00f6retag. Kvalificeringstiden varierar fr\u00e5n 24-36 m\u00e5nader beroende p\u00e5 yrke, d\u00e4refter kan du ans\u00f6ka om yrkesbevis. Under kvalificeringstiden f\u00e5r du l\u00e4rlingsl\u00f6n enligt avtal. Du m\u00e5ste sj\u00e4lv s\u00f6ka anst\u00e4llning som l\u00e4rling p\u00e5 ett f\u00f6retag med kollektivavtal eller h\u00e4ngavtal.<\/p>\n","protected":false},"excerpt":{"rendered":"<p>Det finns flera s\u00e4tt att som vuxen utbilda sig till ett yrke inom byggbranschen. Du kan dels g\u00e5 bygg- och anl\u00e4ggningsprogrammet p\u00e5 VUX (gymnasieskola f\u00f6r vuxna) eller en arbetsmarknadsutbildning via Arbetsf\u00f6rmedlingen. Det g\u00e5r \u00e4ven att v\u00e4lja att utbilda sig via ett utbildningsf\u00f6retag. M\u00f6jligheterna \u00e4r m\u00e5nga!<\/p>\n","protected":false},"author":1,"featured_media":4389,"parent":123,"menu_order":30,"comment_status":"closed","ping_status":"closed","template":"","meta":{"footnotes":""},"class_list":["post-4185","page","type-page","status-publish","has-post-thumbnail","hentry"],"_links":{"self":[{"href":"https:\/\/byggdinframtid.se\/se\/wp-json\/wp\/v2\/pages\/4185","targetHints":{"allow":["GET"]}}],"collection":[{"href":"https:\/\/byggdinframtid.se\/se\/wp-json\/wp\/v2\/pages"}],"about":[{"href":"https:\/\/byggdinframtid.se\/se\/wp-json\/wp\/v2\/types\/page"}],"author":[{"embeddable":true,"href":"https:\/\/byggdinframtid.se\/se\/wp-json\/wp\/v2\/users\/1"}],"replies":[{"embeddable":true,"href":"https:\/\/byggdinframtid.se\/se\/wp-json\/wp\/v2\/comments?post=4185"}],"version-history":[{"count":16,"href":"https:\/\/byggdinframtid.se\/se\/wp-json\/wp\/v2\/pages\/4185\/revisions"}],"predecessor-version":[{"id":4816,"href":"https:\/\/byggdinframtid.se\/se\/wp-json\/wp\/v2\/pages\/4185\/revisions\/4816"}],"up":[{"embeddable":true,"href":"https:\/\/byggdinframtid.se\/se\/wp-json\/wp\/v2\/pages\/123"}],"wp:featuredmedia":[{"embeddable":true,"href":"https:\/\/byggdinframtid.se\/se\/wp-json\/wp\/v2\/media\/4389"}],"wp:attachment":[{"href":"https:\/\/byggdinframtid.se\/se\/wp-json\/wp\/v2\/media?parent=4185"}],"curies":[{"name":"wp","href":"https:\/\/api.w.org\/{rel}","templated":true}]}}