{"id":4195,"date":"2022-05-04T13:20:06","date_gmt":"2022-05-04T11:20:06","guid":{"rendered":"https:\/\/byggdinframtid.se\/?page_id=4195"},"modified":"2023-03-22T23:12:05","modified_gmt":"2023-03-22T22:12:05","slug":"om-oss","status":"publish","type":"page","link":"https:\/\/byggdinframtid.se\/se\/om-oss\/","title":{"rendered":"Om oss"},"content":{"rendered":"<p>Bygg din framtid drivs av Byggbranschens yrkesn\u00e4mnd, ocks\u00e5 kallad BYN.<br \/>\nBYNs uppdrag \u00e4r att arbeta med kompetensf\u00f6rs\u00f6rjning och yrkesutbildningsfr\u00e5gor inom kollektivavtalsomr\u00e5dets 16 yrken.<br \/>\nBYN \u00e4r uppdelat i ett centralt kansli och 21 <a href=\"https:\/\/byggdinframtid.se\/se\/kontakt\/\">BYN-regioner<\/a><\/p>\n<h3>Ett samarbete, fyra parter<\/h3>\n<p>I BYN samarbetar Byggf\u00f6retagen, Byggnads, Maskinentrepren\u00f6rerna och Seko, Service- och kommunikationsfacket. BYNs verksamhet styrs av parternas yrkesutbildningsavtal och verksamheten leds av en styrelse med representanter f\u00f6r BYNs fyra parter. Yrkesutbildningsavtalet, BYNs verksamhetsplan och styrelsens \u00f6vriga beslut styr verksamheten och utvecklingen av den.<br \/>\nDu kan l\u00e4sa mer om BYN p\u00e5 <a href=\"https:\/\/www.byggbranschensyrkesnamnd.se\/om-byn\/byggbranschens-yrkesnamnd-byn\/om-byn\/\" target=\"_blank\" rel=\"noopener\">byn.se<\/a><br \/>\n<br \/>\n<img loading=\"lazy\" decoding=\"async\" class=\"size-medium wp-image-4511 alignleft\" src=\"https:\/\/byggdinframtid.se\/wp-content\/uploads\/sites\/1\/2022\/06\/BYN_Logo-300x120.png\" alt=\"\" width=\"300\" height=\"120\" srcset=\"https:\/\/byggdinframtid.se\/se\/wp-content\/uploads\/sites\/1\/2022\/06\/BYN_Logo-300x120.png 300w, https:\/\/byggdinframtid.se\/se\/wp-content\/uploads\/sites\/1\/2022\/06\/BYN_Logo-690x276.png 690w, https:\/\/byggdinframtid.se\/se\/wp-content\/uploads\/sites\/1\/2022\/06\/BYN_Logo-768x308.png 768w, https:\/\/byggdinframtid.se\/se\/wp-content\/uploads\/sites\/1\/2022\/06\/BYN_Logo-1536x615.png 1536w, https:\/\/byggdinframtid.se\/se\/wp-content\/uploads\/sites\/1\/2022\/06\/BYN_Logo-570x228.png 570w, https:\/\/byggdinframtid.se\/se\/wp-content\/uploads\/sites\/1\/2022\/06\/BYN_Logo-200x80.png 200w, https:\/\/byggdinframtid.se\/se\/wp-content\/uploads\/sites\/1\/2022\/06\/BYN_Logo.png 1773w\" sizes=\"auto, (max-width: 300px) 100vw, 300px\" \/><\/p>\n","protected":false},"excerpt":{"rendered":"<p>Bygg din framtid drivs av Byggbranschens yrkesn\u00e4mnd, ocks\u00e5 kallad BYN.<br \/>\nBYNs uppdrag \u00e4r att arbeta med kompetensf\u00f6rs\u00f6rjning och yrkesutbildningsfr\u00e5gor inom kollektivavtalsomr\u00e5dets 16 yrken.<br \/>\nBYN \u00e4r uppdelat i ett centralt kansli och 21 BYN-regioner<\/p>\n","protected":false},"author":1,"featured_media":0,"parent":0,"menu_order":0,"comment_status":"closed","ping_status":"closed","template":"","meta":{"footnotes":""},"class_list":["post-4195","page","type-page","status-publish","hentry"],"_links":{"self":[{"href":"https:\/\/byggdinframtid.se\/se\/wp-json\/wp\/v2\/pages\/4195","targetHints":{"allow":["GET"]}}],"collection":[{"href":"https:\/\/byggdinframtid.se\/se\/wp-json\/wp\/v2\/pages"}],"about":[{"href":"https:\/\/byggdinframtid.se\/se\/wp-json\/wp\/v2\/types\/page"}],"author":[{"embeddable":true,"href":"https:\/\/byggdinframtid.se\/se\/wp-json\/wp\/v2\/users\/1"}],"replies":[{"embeddable":true,"href":"https:\/\/byggdinframtid.se\/se\/wp-json\/wp\/v2\/comments?post=4195"}],"version-history":[{"count":15,"href":"https:\/\/byggdinframtid.se\/se\/wp-json\/wp\/v2\/pages\/4195\/revisions"}],"predecessor-version":[{"id":4893,"href":"https:\/\/byggdinframtid.se\/se\/wp-json\/wp\/v2\/pages\/4195\/revisions\/4893"}],"wp:attachment":[{"href":"https:\/\/byggdinframtid.se\/se\/wp-json\/wp\/v2\/media?parent=4195"}],"curies":[{"name":"wp","href":"https:\/\/api.w.org\/{rel}","templated":true}]}}