{"id":4198,"date":"2022-05-05T11:17:49","date_gmt":"2022-05-05T09:17:49","guid":{"rendered":"https:\/\/byggdinframtid.se\/?page_id=4198"},"modified":"2024-04-25T12:30:07","modified_gmt":"2024-04-25T10:30:07","slug":"cookies","status":"publish","type":"page","link":"https:\/\/byggdinframtid.se\/se\/cookies\/","title":{"rendered":"Cookies"},"content":{"rendered":"<p>Liksom de flesta andra icke-triviala webbar anv\u00e4nder byggdinframtid.se s k &#8221;cookies&#8221; &#8211; sm\u00e5 textfiler som lagras p\u00e5 din dator och som &#8221;kommer ih\u00e5g&#8221; dina preferenser f\u00f6r webben.<\/p>\n<h3>Vad \u00e4r cookies?<\/h3>\n<p>Cookies (&#8221;kakor&#8221;) \u00e4r sm\u00e5 textfiler som lagras p\u00e5 din dator n\u00e4r du bes\u00f6ker webben byggdinframtid.se. De sparas en viss tid p\u00e5 din h\u00e5rddisk och g\u00f6r att webben &#8221;k\u00e4nner igen&#8221; dig som en tidigare bes\u00f6kare, och anpassar sig efter detta. Cookies fr\u00e5n byggdinframtid.se tar upp minimalt med minne, s\u00e4nker inte din dators prestanda, kan inte skada din dator och anv\u00e4nds endast f\u00f6r att g\u00f6ra ditt bes\u00f6k p\u00e5 byggdinframtid.se enklare och smidigare.<\/p>\n<h3>\u00c4ndra eller dra tillbaka ditt samtycke<\/h3>\n","protected":false},"excerpt":{"rendered":"<p>Liksom de flesta andra icke-triviala webbar anv\u00e4nder byggdinframtid.se s k &#8221;cookies&#8221; &#8211; sm\u00e5 textfiler som lagras p\u00e5 din dator och som &#8221;kommer ih\u00e5g&#8221; dina preferenser f\u00f6r webben.<\/p>\n","protected":false},"author":1,"featured_media":0,"parent":0,"menu_order":0,"comment_status":"closed","ping_status":"closed","template":"template-consentdeclaration.php","meta":{"footnotes":""},"class_list":["post-4198","page","type-page","status-publish","hentry"],"_links":{"self":[{"href":"https:\/\/byggdinframtid.se\/se\/wp-json\/wp\/v2\/pages\/4198","targetHints":{"allow":["GET"]}}],"collection":[{"href":"https:\/\/byggdinframtid.se\/se\/wp-json\/wp\/v2\/pages"}],"about":[{"href":"https:\/\/byggdinframtid.se\/se\/wp-json\/wp\/v2\/types\/page"}],"author":[{"embeddable":true,"href":"https:\/\/byggdinframtid.se\/se\/wp-json\/wp\/v2\/users\/1"}],"replies":[{"embeddable":true,"href":"https:\/\/byggdinframtid.se\/se\/wp-json\/wp\/v2\/comments?post=4198"}],"version-history":[{"count":2,"href":"https:\/\/byggdinframtid.se\/se\/wp-json\/wp\/v2\/pages\/4198\/revisions"}],"predecessor-version":[{"id":5011,"href":"https:\/\/byggdinframtid.se\/se\/wp-json\/wp\/v2\/pages\/4198\/revisions\/5011"}],"wp:attachment":[{"href":"https:\/\/byggdinframtid.se\/se\/wp-json\/wp\/v2\/media?parent=4198"}],"curies":[{"name":"wp","href":"https:\/\/api.w.org\/{rel}","templated":true}]}}