{"id":4200,"date":"2022-05-05T11:19:44","date_gmt":"2022-05-05T09:19:44","guid":{"rendered":"https:\/\/byggdinframtid.se\/?page_id=4200"},"modified":"2022-06-27T11:02:13","modified_gmt":"2022-06-27T09:02:13","slug":"gdpr","status":"publish","type":"page","link":"https:\/\/byggdinframtid.se\/se\/gdpr\/","title":{"rendered":"GDPR \u2013 Personuppgiftslagen"},"content":{"rendered":"<p><strong>Bygg din framtid\/BYNs behandling av personuppgifter (personuppgiftspolicy)<\/strong><\/p>\n<p>F\u00f6r BYN \u00e4r det viktigt att behandla dina personuppgifter p\u00e5 ett korrekt och s\u00e4kert s\u00e4tt.<\/p>\n<p>F\u00f6r personuppgiftsbehandling, inklusive anv\u00e4ndning av s.k. cookies, i samband med anv\u00e4ndning av BYNs webbplatser finns en s\u00e4rskild policy.<\/p>\n<p>Byggbranschens yrkesn\u00e4mnd, BYN (802005-8239), Box 42136, 126 15 Stockholm \u00e4r <strong>personuppgiftsansvarig<\/strong> f\u00f6r behandlingen av dina personuppgifter.<\/p>\n<p>Om du har n\u00e5gra fr\u00e5gor om behandlingen av dina personuppgifter kan du kontakta BYN via <a href=\"mailto:dataskydd@byn.se\">dataskydd@byn.se<\/a><\/p>\n","protected":false},"excerpt":{"rendered":"<p>Bygg din framtid\/BYNs behandling av personuppgifter (personuppgiftspolicy)<\/p>\n","protected":false},"author":1,"featured_media":0,"parent":0,"menu_order":0,"comment_status":"closed","ping_status":"closed","template":"","meta":{"footnotes":""},"class_list":["post-4200","page","type-page","status-publish","hentry"],"_links":{"self":[{"href":"https:\/\/byggdinframtid.se\/se\/wp-json\/wp\/v2\/pages\/4200","targetHints":{"allow":["GET"]}}],"collection":[{"href":"https:\/\/byggdinframtid.se\/se\/wp-json\/wp\/v2\/pages"}],"about":[{"href":"https:\/\/byggdinframtid.se\/se\/wp-json\/wp\/v2\/types\/page"}],"author":[{"embeddable":true,"href":"https:\/\/byggdinframtid.se\/se\/wp-json\/wp\/v2\/users\/1"}],"replies":[{"embeddable":true,"href":"https:\/\/byggdinframtid.se\/se\/wp-json\/wp\/v2\/comments?post=4200"}],"version-history":[{"count":6,"href":"https:\/\/byggdinframtid.se\/se\/wp-json\/wp\/v2\/pages\/4200\/revisions"}],"predecessor-version":[{"id":4559,"href":"https:\/\/byggdinframtid.se\/se\/wp-json\/wp\/v2\/pages\/4200\/revisions\/4559"}],"wp:attachment":[{"href":"https:\/\/byggdinframtid.se\/se\/wp-json\/wp\/v2\/media?parent=4200"}],"curies":[{"name":"wp","href":"https:\/\/api.w.org\/{rel}","templated":true}]}}