{"id":4240,"date":"2022-05-19T15:00:02","date_gmt":"2022-05-19T13:00:02","guid":{"rendered":"https:\/\/byggdinframtid.se\/?page_id=4240"},"modified":"2022-07-06T09:32:31","modified_gmt":"2022-07-06T07:32:31","slug":"pabyggnad","status":"publish","type":"page","link":"https:\/\/byggdinframtid.se\/se\/pabyggnad\/","title":{"rendered":"P\u00e5byggnad"},"content":{"rendered":"<h3>En bred bransch<\/h3>\n<p>Byggbranschen \u00e4r en mycket bred bransch och det finns m\u00e5nga m\u00f6jligheter till p\u00e5byggnad f\u00f6r den som \u00f6nskar vidareutveckla sig inom sitt arbete och branschen. Kanske har du redan ett yrkesbevis och arbetar som tr\u00e4arbetare eller maskinf\u00f6rare men \u00f6nskar av olika anledningar att komma vidare inom jobbet. F\u00f6r den som \u00f6nskar finns flera v\u00e4gar att b\u00e5de bredda sin kunskap och bygga p\u00e5 den!<\/p>\n<h3>Vidareutbildning<\/h3>\n<p>Flera st\u00f6rre f\u00f6retag inom byggbranschen anordnar egna internutbildningar medans mindre f\u00f6retag oftast rekommenderar externa utbildningsgivare. Arbetsroller d\u00e4r endast kortare p\u00e5byggnadsinsatser kr\u00e4vs \u00e4r bland annat; lagbas, arbetsledare, skyddsombud, byggledare och platschef. Utbildningarna \u00e4r f\u00f6r det mesta n\u00e5gra dagar\/veckor och m\u00f6jlig\u00f6r p\u00e5 s\u00e5 s\u00e4tt f\u00f6r fortsatt arbete med ev. bara kort tj\u00e4nsteledighet.<\/p>\n<h3>YTTERLIGARE YRKE ELLER MASKINSLAG<\/h3>\n<p>En yrkesarbetare som har ett yrkesbevis f\u00f6r ett yrke t.ex. anl\u00e4ggningsmaskin eller en krantyp kan vidareutbilda sig till ytterligare ett yrke eller ytterligare ett maskinslag inom branschen. L\u00e4s mer om <a href=\"https:\/\/www.byggbranschensyrkesnamnd.se\/utbildning\/ytterligare-yrkesbevis\/vad-innebar-ytterligare-yrke-eller-maskinslag\/\" rel=\"noopener\" target=\"_blank\">ytterligare yrke<\/a>. <\/p>\n<h3>L\u00e4ngre utbildning<\/h3>\n<p>Byggbranschen \u00e4r \u00e4ven perfekt f\u00f6r den som vill satsa p\u00e5 en l\u00e4ngre yrkesh\u00f6gskole- eller h\u00f6gskoleutbildning. B\u00e5de efter gymnasiet eller som p\u00e5byggnad p\u00e5 ett yrkesbevis. N\u00e5gra yrken som g\u00e5r att l\u00e4sa till via YH eller h\u00f6gskola \u00e4r; civilingenj\u00f6r, byggnadsingenj\u00f6r, byggingenj\u00f6r, bygglovshandl\u00e4ggare, arkitekt, h\u00f6gskoleingenj\u00f6r byggteknik med flera. \u00c4ven yrken som arbetsledare och platschef g\u00e5r att studera till utan tidigare arbetslivserfarenhet fr\u00e5n byggsektorn.<\/p>\n<p>Du kan l\u00e4s mer p\u00e5 till exempel <a href=\"https:\/\/www.yrkeshogskolan.se\/hitta-utbildning\/sok\/?area=samhallsbyggnad\" target=\"_blank\" rel=\"noopener\">Yrkeshogskolan.se<\/a> eller <a href=\"https:\/\/www.studentum.se\/utbildning\/universitets-hogskoleutbildning-bygg-anlaggning\/a6-c174\" target=\"_blank\" rel=\"noopener\">Studentum.se<\/a><\/p>\n","protected":false},"excerpt":{"rendered":"<p>En bred bransch<br \/>\nByggbranschen \u00e4r en mycket bred bransch och det finns m\u00e5nga m\u00f6jligheter till p\u00e5byggnad f\u00f6r den som \u00f6nskar vidareutveckla sig inom sitt arbete och branschen. Kanske har du redan ett yrkesbevis och arbetar som tr\u00e4arbetare eller maskinf\u00f6rare men \u00f6nskar av olika anledningar att komma vidare inom jobbet. F\u00f6r den som \u00f6nskar finns flera v\u00e4gar att b\u00e5de bredda sin kunskap och bygga p\u00e5 den!<\/p>\n","protected":false},"author":4,"featured_media":0,"parent":0,"menu_order":0,"comment_status":"closed","ping_status":"closed","template":"template-rolemodels-pabyggnad.php","meta":{"footnotes":""},"class_list":["post-4240","page","type-page","status-publish","hentry"],"_links":{"self":[{"href":"https:\/\/byggdinframtid.se\/se\/wp-json\/wp\/v2\/pages\/4240","targetHints":{"allow":["GET"]}}],"collection":[{"href":"https:\/\/byggdinframtid.se\/se\/wp-json\/wp\/v2\/pages"}],"about":[{"href":"https:\/\/byggdinframtid.se\/se\/wp-json\/wp\/v2\/types\/page"}],"author":[{"embeddable":true,"href":"https:\/\/byggdinframtid.se\/se\/wp-json\/wp\/v2\/users\/4"}],"replies":[{"embeddable":true,"href":"https:\/\/byggdinframtid.se\/se\/wp-json\/wp\/v2\/comments?post=4240"}],"version-history":[{"count":29,"href":"https:\/\/byggdinframtid.se\/se\/wp-json\/wp\/v2\/pages\/4240\/revisions"}],"predecessor-version":[{"id":4643,"href":"https:\/\/byggdinframtid.se\/se\/wp-json\/wp\/v2\/pages\/4240\/revisions\/4643"}],"wp:attachment":[{"href":"https:\/\/byggdinframtid.se\/se\/wp-json\/wp\/v2\/media?parent=4240"}],"curies":[{"name":"wp","href":"https:\/\/api.w.org\/{rel}","templated":true}]}}