{"id":47,"date":"2022-02-26T02:32:57","date_gmt":"2022-02-26T01:32:57","guid":{"rendered":"https:\/\/byggdinframtid.se\/?page_id=47"},"modified":"2022-07-04T08:49:45","modified_gmt":"2022-07-04T06:49:45","slug":"kontakt","status":"publish","type":"page","link":"https:\/\/byggdinframtid.se\/se\/kontakt\/","title":{"rendered":"Kontakt"},"content":{"rendered":"<p>Det \u00e4r till n\u00e5gon av Byggbranschens yrkesn\u00e4mnds (BYNs) lokala regioner du ska v\u00e4nda dig om du har fr\u00e5gor kring utbildningar i just din region. Det g\u00e4ller oavsett om du l\u00e4ser p\u00e5 gymnasiet, VUX eller till f\u00f6retagsl\u00e4rling. Totalt finns det 22 regioner.<br \/>\nDet \u00e4r \u00e4ven BYN-regionerna som kan svara p\u00e5 fr\u00e5gor och hj\u00e4lpa till med det som sker n\u00e4r din utbildning \u00f6verg\u00e5r till kvalificeringstid\/l\u00e4rlingsanst\u00e4llning. <\/p>\n<p><strong>Kontaktinformation till samtliga regioner finner du nedan: <\/strong><\/p>\n","protected":false},"excerpt":{"rendered":"<p>Det \u00e4r till n\u00e5gon av Byggbranschens yrkesn\u00e4mnds (BYNs) lokala regioner du ska v\u00e4nda dig om du har fr\u00e5gor kring utbildningar i just din region. Det g\u00e4ller oavsett om du l\u00e4ser p\u00e5 gymnasiet, VUX eller till f\u00f6retagsl\u00e4rling. Totalt finns det 22 regioner.<br \/>\nDet \u00e4r \u00e4ven BYN-regionerna som kan svara p\u00e5 fr\u00e5gor och hj\u00e4lpa till med det som sker n\u00e4r din utbildning \u00f6verg\u00e5r till kvalificeringstid\/l\u00e4rlingsanst\u00e4llning.<\/p>\n","protected":false},"author":1,"featured_media":0,"parent":0,"menu_order":50,"comment_status":"closed","ping_status":"closed","template":"template-contact.php","meta":{"footnotes":""},"class_list":["post-47","page","type-page","status-publish","hentry"],"_links":{"self":[{"href":"https:\/\/byggdinframtid.se\/se\/wp-json\/wp\/v2\/pages\/47","targetHints":{"allow":["GET"]}}],"collection":[{"href":"https:\/\/byggdinframtid.se\/se\/wp-json\/wp\/v2\/pages"}],"about":[{"href":"https:\/\/byggdinframtid.se\/se\/wp-json\/wp\/v2\/types\/page"}],"author":[{"embeddable":true,"href":"https:\/\/byggdinframtid.se\/se\/wp-json\/wp\/v2\/users\/1"}],"replies":[{"embeddable":true,"href":"https:\/\/byggdinframtid.se\/se\/wp-json\/wp\/v2\/comments?post=47"}],"version-history":[{"count":10,"href":"https:\/\/byggdinframtid.se\/se\/wp-json\/wp\/v2\/pages\/47\/revisions"}],"predecessor-version":[{"id":4617,"href":"https:\/\/byggdinframtid.se\/se\/wp-json\/wp\/v2\/pages\/47\/revisions\/4617"}],"wp:attachment":[{"href":"https:\/\/byggdinframtid.se\/se\/wp-json\/wp\/v2\/media?parent=47"}],"curies":[{"name":"wp","href":"https:\/\/api.w.org\/{rel}","templated":true}]}}