{"id":4922,"date":"2023-07-03T14:40:02","date_gmt":"2023-07-03T12:40:02","guid":{"rendered":"https:\/\/byggdinframtid.se\/se\/?page_id=4922"},"modified":"2023-07-03T14:42:53","modified_gmt":"2023-07-03T12:42:53","slug":"laromedel-for-mellanstadiet","status":"publish","type":"page","link":"https:\/\/byggdinframtid.se\/se\/for-skolan\/laromedel-for-mellanstadiet\/","title":{"rendered":"L\u00e4romedel f\u00f6r mellanstadiet"},"content":{"rendered":"<h3>Uppt\u00e4ck en v\u00e4rld med praktiska yrken som bygger v\u00e5rt samh\u00e4lle<\/h3>\n<p><strong>Byggbranschen beh\u00f6vs f\u00f6r att v\u00e5rt samh\u00e4lle ska fungera och i linje med l\u00e4roplanen vill vi att eleverna ska f\u00e5 chansen att uppt\u00e4cka olika yrken i sitt sammanhang.<\/strong><\/p>\n<h5>G\u00f6ra kursplanen levande<\/h5>\n<p>Med \u201cUppt\u00e4ck en v\u00e4rld med praktiska yrken som bygger v\u00e5rt samh\u00e4lle\u201d f\u00e5r dina elever uppt\u00e4cka olika yrken inom bygg- och anl\u00e4ggningsbranschen. Eleverna f\u00e5r l\u00e4ra sig om material och former samt sj\u00e4lva prova att skapa enklare konstruktioner. N\u00e4r ni arbetar med \u00f6vningarna kan ni \u00e4ven diskutera och reflektera kring olika yrkens roll i samh\u00e4llet. Med materialet f\u00e5r eleverna uppt\u00e4cka byggbranschen genom kreativt arbete som g\u00f6r kursplanen levande. Materialet g\u00e5r att anv\u00e4nda inom flera \u00e4mnen men f\u00f6r vissa av \u00f6vningarna ligger tyngdpunkten p\u00e5 \u00e4mnet teknik.<\/p>\n<h5>Hur f\u00e5r jag tag p\u00e5 materialet?<\/h5>\n<p>Allt material finns att ladda ner\u00a0via <a href=\"https:\/\/gratisiskolan.se\/upptack-en-varld-med-praktiska-yrken-som-bygger-vart-samhalle\"><strong>Gratis i skolan<\/strong><\/a><\/p>\n<figure class=\"video cookieconsent-optin-marketing\">\n<div class=\"embed-container\"><iframe title=\"Uppt\u00e4ck en v\u00e4rld med praktiska yrken som bygger v\u00e5rt samh\u00e4lle!\" width=\"500\" height=\"281\" data-cookieconsent=\"marketing\" data-cookieblock-src=\"https:\/\/www.youtube.com\/embed\/xHoIKQhWLIw?feature=oembed\" frameborder=\"0\" allow=\"accelerometer; autoplay; clipboard-write; encrypted-media; gyroscope; picture-in-picture; web-share\" referrerpolicy=\"strict-origin-when-cross-origin\" allowfullscreen><\/iframe><\/div>\n<\/figure>\n","protected":false},"excerpt":{"rendered":"<p>Uppt\u00e4ck en v\u00e4rld med praktiska yrken som bygger v\u00e5rt samh\u00e4lle<br \/>\nByggbranschen beh\u00f6vs f\u00f6r att v\u00e5rt samh\u00e4lle ska fungera och i linje med l\u00e4roplanen vill vi att eleverna ska f\u00e5 chansen att uppt\u00e4cka olika yrken i sitt sammanhang.<\/p>\n","protected":false},"author":3,"featured_media":4923,"parent":10,"menu_order":1,"comment_status":"closed","ping_status":"closed","template":"","meta":{"footnotes":""},"class_list":["post-4922","page","type-page","status-publish","has-post-thumbnail","hentry"],"_links":{"self":[{"href":"https:\/\/byggdinframtid.se\/se\/wp-json\/wp\/v2\/pages\/4922","targetHints":{"allow":["GET"]}}],"collection":[{"href":"https:\/\/byggdinframtid.se\/se\/wp-json\/wp\/v2\/pages"}],"about":[{"href":"https:\/\/byggdinframtid.se\/se\/wp-json\/wp\/v2\/types\/page"}],"author":[{"embeddable":true,"href":"https:\/\/byggdinframtid.se\/se\/wp-json\/wp\/v2\/users\/3"}],"replies":[{"embeddable":true,"href":"https:\/\/byggdinframtid.se\/se\/wp-json\/wp\/v2\/comments?post=4922"}],"version-history":[{"count":1,"href":"https:\/\/byggdinframtid.se\/se\/wp-json\/wp\/v2\/pages\/4922\/revisions"}],"predecessor-version":[{"id":4924,"href":"https:\/\/byggdinframtid.se\/se\/wp-json\/wp\/v2\/pages\/4922\/revisions\/4924"}],"up":[{"embeddable":true,"href":"https:\/\/byggdinframtid.se\/se\/wp-json\/wp\/v2\/pages\/10"}],"wp:featuredmedia":[{"embeddable":true,"href":"https:\/\/byggdinframtid.se\/se\/wp-json\/wp\/v2\/media\/4923"}],"wp:attachment":[{"href":"https:\/\/byggdinframtid.se\/se\/wp-json\/wp\/v2\/media?parent=4922"}],"curies":[{"name":"wp","href":"https:\/\/api.w.org\/{rel}","templated":true}]}}