{"id":4925,"date":"2023-07-03T14:41:19","date_gmt":"2023-07-03T12:41:19","guid":{"rendered":"https:\/\/byggdinframtid.se\/se\/?page_id=4925"},"modified":"2024-01-16T09:37:14","modified_gmt":"2024-01-16T08:37:14","slug":"utbildningskarta","status":"publish","type":"page","link":"https:\/\/byggdinframtid.se\/se\/for-skolan\/utbildningskarta\/","title":{"rendered":"Utbildningskarta"},"content":{"rendered":"<p>Som ett hj\u00e4lpmedel i att f\u00f6rmedla Bygg- och anl\u00e4ggningsprogrammets inriktningar har vi utbildningskartan.<br \/>\nUtbildningskartan \u00e4r en affisch som g\u00e5r att best\u00e4lla som pappersplansch 50\u00d770 via BYNs egen <a href=\"https:\/\/e-handel.atta45.se\/System\/Login?ReturnUrl=%2fSystem%2fDefault.aspx%3fp%3dOnline%26cid%3dBYN1&amp;p=Online\" target=\"_blank\" rel=\"noopener\">e-handelsportal<\/a> eller <a href=\"https:\/\/gratisiskolan.se\/utbildningskarta-bygg-anlaggningsprogrammet\">ladda ner som PDF<\/a> (A3) via Gratis i skolan.<\/p>\n<p><a href=\"https:\/\/byggdinframtid.se\/wp-content\/uploads\/sites\/1\/2022\/10\/Affisch-BDF-SYV.jpg\" target=\"_blank\" rel=\"noopener\"><img loading=\"lazy\" decoding=\"async\" class=\"aligncenter wp-image-4775 size-medium\" src=\"https:\/\/byggdinframtid.se\/wp-content\/uploads\/sites\/1\/2022\/10\/Affisch-BDF-SYV-216x300.jpg\" sizes=\"auto, (max-width: 216px) 100vw, 216px\" srcset=\"https:\/\/byggdinframtid.se\/wp-content\/uploads\/sites\/1\/2022\/10\/Affisch-BDF-SYV-216x300.jpg 216w, https:\/\/byggdinframtid.se\/wp-content\/uploads\/sites\/1\/2022\/10\/Affisch-BDF-SYV-690x957.jpg 690w, https:\/\/byggdinframtid.se\/wp-content\/uploads\/sites\/1\/2022\/10\/Affisch-BDF-SYV-570x790.jpg 570w, https:\/\/byggdinframtid.se\/wp-content\/uploads\/sites\/1\/2022\/10\/Affisch-BDF-SYV-58x80.jpg 58w, https:\/\/byggdinframtid.se\/wp-content\/uploads\/sites\/1\/2022\/10\/Affisch-BDF-SYV.jpg 740w\" alt=\"\" width=\"216\" height=\"300\" \/><\/a><\/p>\n","protected":false},"excerpt":{"rendered":"<p>Som ett hj\u00e4lpmedel i att f\u00f6rmedla Bygg- och anl\u00e4ggningsprogrammets inriktningar har vi utbildningskartan.<br \/>\nUtbildningskartan \u00e4r en affisch som g\u00e5r att best\u00e4lla som pappersplansch 50\u00d770 via BYNs egen e-handelsportal eller ladda ner som PDF (A3) via Gratis i skolan.<\/p>\n","protected":false},"author":3,"featured_media":4775,"parent":10,"menu_order":0,"comment_status":"closed","ping_status":"closed","template":"","meta":{"footnotes":""},"class_list":["post-4925","page","type-page","status-publish","has-post-thumbnail","hentry"],"_links":{"self":[{"href":"https:\/\/byggdinframtid.se\/se\/wp-json\/wp\/v2\/pages\/4925","targetHints":{"allow":["GET"]}}],"collection":[{"href":"https:\/\/byggdinframtid.se\/se\/wp-json\/wp\/v2\/pages"}],"about":[{"href":"https:\/\/byggdinframtid.se\/se\/wp-json\/wp\/v2\/types\/page"}],"author":[{"embeddable":true,"href":"https:\/\/byggdinframtid.se\/se\/wp-json\/wp\/v2\/users\/3"}],"replies":[{"embeddable":true,"href":"https:\/\/byggdinframtid.se\/se\/wp-json\/wp\/v2\/comments?post=4925"}],"version-history":[{"count":5,"href":"https:\/\/byggdinframtid.se\/se\/wp-json\/wp\/v2\/pages\/4925\/revisions"}],"predecessor-version":[{"id":4994,"href":"https:\/\/byggdinframtid.se\/se\/wp-json\/wp\/v2\/pages\/4925\/revisions\/4994"}],"up":[{"embeddable":true,"href":"https:\/\/byggdinframtid.se\/se\/wp-json\/wp\/v2\/pages\/10"}],"wp:featuredmedia":[{"embeddable":true,"href":"https:\/\/byggdinframtid.se\/se\/wp-json\/wp\/v2\/media\/4775"}],"wp:attachment":[{"href":"https:\/\/byggdinframtid.se\/se\/wp-json\/wp\/v2\/media?parent=4925"}],"curies":[{"name":"wp","href":"https:\/\/api.w.org\/{rel}","templated":true}]}}