{"id":4943,"date":"2023-09-18T09:15:13","date_gmt":"2023-09-18T07:15:13","guid":{"rendered":"https:\/\/byggdinframtid.se\/se\/?page_id=4943"},"modified":"2023-10-19T14:19:44","modified_gmt":"2023-10-19T12:19:44","slug":"16-byggframtider","status":"publish","type":"page","link":"https:\/\/byggdinframtid.se\/se\/for-skolan\/16-byggframtider\/","title":{"rendered":"16 byggframtider"},"content":{"rendered":"<h3>V\u00e4lkommen till 16 BYGGFRAMTIDER<\/h3>\n<p><strong>P\u00e5 16 byggframtider f\u00e5r eleven p\u00e5 ett lekfullt s\u00e4tt l\u00e4ra sig vad BYNs 16 olika yrken handlar om. Den b\u00e4rande id\u00e9n bygger p\u00e5 att undvika pekpinnar och l\u00e5nga texter, och ist\u00e4llet l\u00e5ta eleven sj\u00e4lv f\u00e5 uppt\u00e4cka de olika yrkena genom ett Byggquiz och en Yrkeskompass.<\/strong><\/p>\n<h5>Byggquizet<\/h5>\n<p>Quizet \u00e4r uppdelat i tv\u00e5 delar: Eleven ska f\u00f6rst lista ut vad en person har f\u00f6r yrke genom fem ledtr\u00e5dar. I del 2 f\u00e5r eleven sju fr\u00e5gor om det specifika yrket. Slutligen summeras po\u00e4ngen fr\u00e5n del 1 och 2. Eleven kan g\u00f6ra om quizdelen hur m\u00e5nga g\u00e5nger som helst, men yrkena slumpas ut s\u00e5 att eleven f\u00e5r chansen att quizza p\u00e5 olika yrken.<\/p>\n<h5>Yrkeskompassen<\/h5>\n<p>Genom att svara p\u00e5 25 fr\u00e5gor mejslar Yrkeskompassen ut vilka yrken eleven passar f\u00f6r: fr\u00e5n den b\u00e4sta matchningen och sedan i fallande skala.<\/p>\n<p><img loading=\"lazy\" decoding=\"async\" class=\"alignnone wp-image-4961 size-medium\" src=\"https:\/\/byggdinframtid.se\/se\/wp-content\/uploads\/sites\/1\/2023\/09\/Screenshot-2023-09-18-at-15.00.51-168x300.png\" alt=\"\" width=\"168\" height=\"300\" srcset=\"https:\/\/byggdinframtid.se\/se\/wp-content\/uploads\/sites\/1\/2023\/09\/Screenshot-2023-09-18-at-15.00.51-168x300.png 168w, https:\/\/byggdinframtid.se\/se\/wp-content\/uploads\/sites\/1\/2023\/09\/Screenshot-2023-09-18-at-15.00.51-561x1000.png 561w, https:\/\/byggdinframtid.se\/se\/wp-content\/uploads\/sites\/1\/2023\/09\/Screenshot-2023-09-18-at-15.00.51-45x80.png 45w, https:\/\/byggdinframtid.se\/se\/wp-content\/uploads\/sites\/1\/2023\/09\/Screenshot-2023-09-18-at-15.00.51.png 746w\" sizes=\"auto, (max-width: 168px) 100vw, 168px\" \/>\u00a0<img loading=\"lazy\" decoding=\"async\" class=\"alignnone wp-image-4962 size-medium\" src=\"https:\/\/byggdinframtid.se\/se\/wp-content\/uploads\/sites\/1\/2023\/09\/Screenshot-2023-09-18-at-15.01.22-184x300.png\" alt=\"\" width=\"184\" height=\"300\" srcset=\"https:\/\/byggdinframtid.se\/se\/wp-content\/uploads\/sites\/1\/2023\/09\/Screenshot-2023-09-18-at-15.01.22-184x300.png 184w, https:\/\/byggdinframtid.se\/se\/wp-content\/uploads\/sites\/1\/2023\/09\/Screenshot-2023-09-18-at-15.01.22-613x1000.png 613w, https:\/\/byggdinframtid.se\/se\/wp-content\/uploads\/sites\/1\/2023\/09\/Screenshot-2023-09-18-at-15.01.22-570x929.png 570w, https:\/\/byggdinframtid.se\/se\/wp-content\/uploads\/sites\/1\/2023\/09\/Screenshot-2023-09-18-at-15.01.22-49x80.png 49w, https:\/\/byggdinframtid.se\/se\/wp-content\/uploads\/sites\/1\/2023\/09\/Screenshot-2023-09-18-at-15.01.22.png 698w\" sizes=\"auto, (max-width: 184px) 100vw, 184px\" \/><\/p>\n<h5>\u00d6vrig information<\/h5>\n<p>16 Byggframtider har spr\u00e5kst\u00f6d p\u00e5 farsi, arabiska och engelska. Eleven har m\u00f6jlighet att f\u00f6rdjupa sig mer om varje yrke och utbildning samt att hitta en skola i n\u00e4rheten genom direktl\u00e4nkar till byggdinframtid.se<\/p>\n<h5>Hur kan jag anv\u00e4nda 16 byggframtider?<\/h5>\n<p>Som l\u00e4rare kan du f\u00e5 en egen version av 16 Byggframtider, t ex f\u00f6r klassrummet eller f\u00f6r en m\u00e4ssa. F\u00f6rdelen \u00e4r att du f\u00e5r tillg\u00e5ng till anv\u00e4ndarstatistiken \u2013 du kan t ex se hur m\u00e5nga som deltagit, vilka fr\u00e5gor de svarat p\u00e5 mm \u2013 samt en high score-lista d\u00e4r eleverna kan t\u00e4vla med sina resultat fr\u00e5n quizet. Eleverna g\u00e5r enkelt in p\u00e5 din version genom en unik QR-kod.<br \/>\nF\u00f6r att f\u00e5 QR-koden, v\u00e4nligen bes\u00f6k f\u00f6ljande <a href=\"https:\/\/16.byggdinframtid.se\/sv\/create-group\" target=\"_blank\" rel=\"noopener\">l\u00e4nk<\/a><\/p>\n<h5>Hur tar jag reda p\u00e5 mer?<\/h5>\n<p>F\u00f6r att l\u00e4ra dig mer om hur du kan anv\u00e4nda 16 byggframtider p\u00e5 b\u00e4sta s\u00e4tt finns b\u00e5de ett inspelat <a href=\"https:\/\/youtu.be\/3p2m_yuvkTI?si=X7MQZp-ZdFcMrY6G\" target=\"_blank\" rel=\"noopener\">webbinarium<\/a> samt en <a href=\"https:\/\/byggdinframtid.se\/se\/wp-content\/uploads\/sites\/1\/2023\/10\/16byggframtider-manual.pdf\" target=\"_blank\" rel=\"noopener\">manual<\/a>.<\/p>\n","protected":false},"excerpt":{"rendered":"<p>Byggbranschen \u00e4r st\u00e4ndigt i behov av fler talanger. Men vad vet eleverna om byggyrkena egentligen? F\u00f6r att ge svar p\u00e5 fr\u00e5gan har vi tagit fram 16 Byggframtider. H\u00e4r f\u00e5r eleven inspiration och kan l\u00e4ra sig mer om varje yrke genom Byggquizet, och i Yrkeskompassen mejslas det l\u00e4mpligaste yrket och utbildningen fram genom att svara p\u00e5 25 v\u00e4gledande fr\u00e5gor.<\/p>\n","protected":false},"author":3,"featured_media":4947,"parent":10,"menu_order":0,"comment_status":"closed","ping_status":"closed","template":"","meta":{"footnotes":""},"class_list":["post-4943","page","type-page","status-publish","has-post-thumbnail","hentry"],"_links":{"self":[{"href":"https:\/\/byggdinframtid.se\/se\/wp-json\/wp\/v2\/pages\/4943","targetHints":{"allow":["GET"]}}],"collection":[{"href":"https:\/\/byggdinframtid.se\/se\/wp-json\/wp\/v2\/pages"}],"about":[{"href":"https:\/\/byggdinframtid.se\/se\/wp-json\/wp\/v2\/types\/page"}],"author":[{"embeddable":true,"href":"https:\/\/byggdinframtid.se\/se\/wp-json\/wp\/v2\/users\/3"}],"replies":[{"embeddable":true,"href":"https:\/\/byggdinframtid.se\/se\/wp-json\/wp\/v2\/comments?post=4943"}],"version-history":[{"count":17,"href":"https:\/\/byggdinframtid.se\/se\/wp-json\/wp\/v2\/pages\/4943\/revisions"}],"predecessor-version":[{"id":4985,"href":"https:\/\/byggdinframtid.se\/se\/wp-json\/wp\/v2\/pages\/4943\/revisions\/4985"}],"up":[{"embeddable":true,"href":"https:\/\/byggdinframtid.se\/se\/wp-json\/wp\/v2\/pages\/10"}],"wp:featuredmedia":[{"embeddable":true,"href":"https:\/\/byggdinframtid.se\/se\/wp-json\/wp\/v2\/media\/4947"}],"wp:attachment":[{"href":"https:\/\/byggdinframtid.se\/se\/wp-json\/wp\/v2\/media?parent=4943"}],"curies":[{"name":"wp","href":"https:\/\/api.w.org\/{rel}","templated":true}]}}