{"id":5038,"date":"2024-12-27T16:10:06","date_gmt":"2024-12-27T15:10:06","guid":{"rendered":"https:\/\/byggdinframtid.se\/se\/?page_id=5038"},"modified":"2024-12-27T16:26:54","modified_gmt":"2024-12-27T15:26:54","slug":"hej-byggare","status":"publish","type":"page","link":"https:\/\/byggdinframtid.se\/se\/for-skolan\/hej-byggare\/","title":{"rendered":"Hej byggare!"},"content":{"rendered":"<h2>M\u00f6t en byggambassad\u00f6r!<\/h2>\n<p>P\u00e5 <a href=\"https:\/\/hejbyggare.se\/\" target=\"_blank\" title=\"Hej Byggare!\">hejbyggare.se<\/a> kan du kostnadsfritt boka videom\u00f6ten med v\u00e5ra byggambassad\u00f6rer. De svarar p\u00e5 alla dina fr\u00e5gor och kan ber\u00e4tta massor om sina yrken. <\/p>\n<p>&nbsp;<br \/>\n&nbsp;<\/p>\n","protected":false},"excerpt":{"rendered":"<p>P\u00e5 hejbyggare.se kan du kostnadsfritt boka videom\u00f6ten med v\u00e5ra byggambassad\u00f6rer. De svarar p\u00e5 alla dina fr\u00e5gor och kan ber\u00e4tta massor om sina yrken. <\/p>\n","protected":false},"author":1,"featured_media":5042,"parent":10,"menu_order":20,"comment_status":"closed","ping_status":"closed","template":"","meta":{"footnotes":""},"class_list":["post-5038","page","type-page","status-publish","has-post-thumbnail","hentry"],"_links":{"self":[{"href":"https:\/\/byggdinframtid.se\/se\/wp-json\/wp\/v2\/pages\/5038","targetHints":{"allow":["GET"]}}],"collection":[{"href":"https:\/\/byggdinframtid.se\/se\/wp-json\/wp\/v2\/pages"}],"about":[{"href":"https:\/\/byggdinframtid.se\/se\/wp-json\/wp\/v2\/types\/page"}],"author":[{"embeddable":true,"href":"https:\/\/byggdinframtid.se\/se\/wp-json\/wp\/v2\/users\/1"}],"replies":[{"embeddable":true,"href":"https:\/\/byggdinframtid.se\/se\/wp-json\/wp\/v2\/comments?post=5038"}],"version-history":[{"count":3,"href":"https:\/\/byggdinframtid.se\/se\/wp-json\/wp\/v2\/pages\/5038\/revisions"}],"predecessor-version":[{"id":5041,"href":"https:\/\/byggdinframtid.se\/se\/wp-json\/wp\/v2\/pages\/5038\/revisions\/5041"}],"up":[{"embeddable":true,"href":"https:\/\/byggdinframtid.se\/se\/wp-json\/wp\/v2\/pages\/10"}],"wp:featuredmedia":[{"embeddable":true,"href":"https:\/\/byggdinframtid.se\/se\/wp-json\/wp\/v2\/media\/5042"}],"wp:attachment":[{"href":"https:\/\/byggdinframtid.se\/se\/wp-json\/wp\/v2\/media?parent=5038"}],"curies":[{"name":"wp","href":"https:\/\/api.w.org\/{rel}","templated":true}]}}