{"id":5104,"date":"2026-04-27T11:42:12","date_gmt":"2026-04-27T09:42:12","guid":{"rendered":"https:\/\/byggdinframtid.se\/se\/?page_id=5104"},"modified":"2026-04-27T13:17:42","modified_gmt":"2026-04-27T11:17:42","slug":"yrkes-sm","status":"publish","type":"page","link":"https:\/\/byggdinframtid.se\/se\/yrkes-sm\/","title":{"rendered":"Yrkes-SM"},"content":{"rendered":"<h2>Snart \u00e4r det dags f\u00f6r Yrkes-SM!<\/h2>\n<h3>Vad \u00e4r Yrkes-SM?<\/h3>\n<p>Yrkes-SM \u00e4r ett svenskt m\u00e4sterskap i yrkesskicklighet d\u00e4r ungdomar fr\u00e5n hela landet f\u00e5r visa upp sina kunskaper p\u00e5 en nationell arena och t\u00e4vla om titeln som Sveriges b\u00e4sta inom sitt yrke. T\u00e4vlingen erbjuder en unik m\u00f6jlighet att utforska framtidens yrken och inspireras av m\u00e4stare inom olika yrkesomr\u00e5den.<\/p>\n<p>Yrkes-SM 2026 h\u00e5lls den 4-6 maj p\u00e5 Stockholmsm\u00e4ssan i Stockholm.<\/p>\n<h3>Lives\u00e4ndning: F\u00f6lj t\u00e4vlingen i Anl\u00e4ggningsmaskinf\u00f6rare<\/h3>\n<p>H\u00e4r kan du f\u00f6lja t\u00e4vlingen i yrket Anl\u00e4ggningsmaskinf\u00f6rare live under Yrkes-SM.<\/p>\n<p>Lives\u00e4ndningen p\u00e5g\u00e5r under tisdagen den 5 maj mellan kl. 9.00-17.00.<\/p>\n<p>(L\u00e4nk till lives\u00e4ndning kommer snart.)<\/p>\n<h3>Vilka yrken deltar i t\u00e4vlingen?<\/h3>\n<p>Under Yrkes-SM s\u00e5 \u00e4r det dessa yrken som t\u00e4vlar fr\u00e5n bygg- och anl\u00e4ggningsbranschen:<\/p>\n<ul>\n<li>Murning<\/li>\n<li>Tr\u00e4arbete<\/li>\n<li>Platts\u00e4ttning<\/li>\n<li>Betongarbete<\/li>\n<li>Anl\u00e4ggningsmaskinf\u00f6rare<\/li>\n<li>Golvl\u00e4ggning<\/li>\n<\/ul>\n<h3>Vill du veta mer om Yrkes-SM?<\/h3>\n<p>F\u00f6lj t\u00e4vlingen p\u00e5 Instagram: <a href=\"https:\/\/www.instagram.com\/byns_tavlingssektion\/\" target=\"_blank\" rel=\"noopener\">@byns_tavlingssektion<\/a> och <a href=\"https:\/\/www.instagram.com\/byggdinframtid\/\" target=\"_blank\" rel=\"noopener\">@byggdinframtid<\/a><\/p>\n<p>Du kan \u00e4ven l\u00e4sa mer om Yrkes-SM p\u00e5 <a href=\"https:\/\/www.yrkessm.se\/\" target=\"_blank\" rel=\"noopener\">www.yrkessm.se<\/a><\/p>\n","protected":false},"excerpt":{"rendered":"<p>Snart \u00e4r det dags f\u00f6r Yrkes-SM!<br \/>\nVad \u00e4r Yrkes-SM?<br \/>\nYrkes-SM \u00e4r ett svenskt m\u00e4sterskap i yrkesskicklighet d\u00e4r ungdomar fr\u00e5n hela landet f\u00e5r visa upp sina kunskaper p\u00e5 en nationell arena och t\u00e4vla om titeln som Sveriges b\u00e4sta inom sitt yrke. T\u00e4vlingen erbjuder en unik m\u00f6jlighet att utforska framtidens yrken och inspireras av m\u00e4stare inom olika yrkesomr\u00e5den.<\/p>\n","protected":false},"author":8,"featured_media":0,"parent":0,"menu_order":0,"comment_status":"closed","ping_status":"closed","template":"","meta":{"footnotes":""},"class_list":["post-5104","page","type-page","status-publish","hentry"],"_links":{"self":[{"href":"https:\/\/byggdinframtid.se\/se\/wp-json\/wp\/v2\/pages\/5104","targetHints":{"allow":["GET"]}}],"collection":[{"href":"https:\/\/byggdinframtid.se\/se\/wp-json\/wp\/v2\/pages"}],"about":[{"href":"https:\/\/byggdinframtid.se\/se\/wp-json\/wp\/v2\/types\/page"}],"author":[{"embeddable":true,"href":"https:\/\/byggdinframtid.se\/se\/wp-json\/wp\/v2\/users\/8"}],"replies":[{"embeddable":true,"href":"https:\/\/byggdinframtid.se\/se\/wp-json\/wp\/v2\/comments?post=5104"}],"version-history":[{"count":9,"href":"https:\/\/byggdinframtid.se\/se\/wp-json\/wp\/v2\/pages\/5104\/revisions"}],"predecessor-version":[{"id":5114,"href":"https:\/\/byggdinframtid.se\/se\/wp-json\/wp\/v2\/pages\/5104\/revisions\/5114"}],"wp:attachment":[{"href":"https:\/\/byggdinframtid.se\/se\/wp-json\/wp\/v2\/media?parent=5104"}],"curies":[{"name":"wp","href":"https:\/\/api.w.org\/{rel}","templated":true}]}}