{"id":54,"date":"2022-03-06T13:39:45","date_gmt":"2022-03-06T12:39:45","guid":{"rendered":"https:\/\/byggdinframtid.se\/?page_id=54"},"modified":"2026-02-06T14:29:49","modified_gmt":"2026-02-06T13:29:49","slug":"bygg-och-anlaggningsprogrammet","status":"publish","type":"page","link":"https:\/\/byggdinframtid.se\/se\/gymnasievalet\/bygg-och-anlaggningsprogrammet\/","title":{"rendered":"Bygg- och anl\u00e4ggningsprogrammet (BA)"},"content":{"rendered":"<p><strong>Redan p\u00e5 gymnasiet kan du st\u00e4lla in ditt sikte p\u00e5 ett roligt och meningsfullt arbetsliv inom byggbranschen. V\u00e4lj bygg- och anl\u00e4ggningsprogrammet (BA) och p\u00e5b\u00f6rja din v\u00e4g mot ett yrkesbevis! <\/strong><\/p>\n<figure class=\"video cookieconsent-optin-marketing\">\n<div class=\"embed-container\"><iframe title=\"Bygg din framtid - Castingfilm\" width=\"500\" height=\"281\" data-cookieconsent=\"marketing\" data-cookieblock-src=\"https:\/\/www.youtube.com\/embed\/Y65Nwn-3eiY?feature=oembed\" frameborder=\"0\" allow=\"accelerometer; autoplay; clipboard-write; encrypted-media; gyroscope; picture-in-picture; web-share\" referrerpolicy=\"strict-origin-when-cross-origin\" allowfullscreen><\/iframe><\/div>\n<\/figure>\n<h2>Om Bygg- och anl\u00e4ggningsprogrammet<\/h2>\n<p>I examensm\u00e5len f\u00f6r bygg- och anl\u00e4ggningsprogrammet st\u00e5r:<\/p>\n<p><em>Utbildningen ska utveckla elevernas kunskaper om och f\u00e4rdigheter i byggnation och anl\u00e4ggning vid till exempel nyproduktion, ombyggnad och renovering. Eftersom bygg- och anl\u00e4ggningsarbete p\u00e5verkar samh\u00e4llets infrastruktur och de milj\u00f6er man vistas i ska utbildningen ge kunskaper om ett rationellt, s\u00e4kert och milj\u00f6m\u00e4ssigt h\u00e5llbart byggande.<\/em><\/p>\n<h3>Flera inriktningar<\/h3>\n<p>BA-programmet \u00e4r uppdelat p\u00e5 fyra inriktningar; husbyggnad, mark och anl\u00e4ggning, m\u00e5leri samt byggnadspl\u00e5tslageri.<br \/>\nUnder ditt f\u00f6rsta \u00e5r kommer du f\u00e5 chans att prova p\u00e5 samtliga inriktningar. Detta f\u00f6r att du s\u00e4kert ska hitta vad som passar dig b\u00e4st. Under andra och tredje \u00e5ret kommer du sedan successivt fokusera mer och mer p\u00e5 en inriktning och slutligen ett yrke.<\/p>\n<p><em>Bygg din framtid \u00e4r framtagen av Byggbranschens yrkesn\u00e4mnd som arbetar med yrken inom husbyggnad samt mark och anl\u00e4ggning. Vill du veta mer om de \u00f6vriga inriktningarna?<\/em><\/p>\n<p><em>F\u00f6r m\u00e5leri, bes\u00f6k <a href=\"https:\/\/www.malare.nu\/\">M\u00e5leribranschens yrkesn\u00e4mnd<\/a>.<\/em><\/p>\n<p><em>F\u00f6r byggnadspl\u00e5tslageri, bes\u00f6k <a href=\"https:\/\/platventbyran.se\/\">Pl\u00e5t &amp; Ventbyr\u00e5n<\/a>.<\/em><\/p>\n<h3>Nog m\u00e5nga yrken f\u00f6r att fylla en hel byggarbetsplats<\/h3>\n<p>Totalt g\u00e5r det att v\u00e4lja mellan hela 16 yrken p\u00e5 BA-programmet. De flesta av dessa ligger under inriktningen husbyggnad, t.ex. <a href=\"https:\/\/byggdinframtid.se\/se\/yrken\/traarbetare\/\" target=\"_blank\" rel=\"noopener\">tr\u00e4arbetare<\/a>, <a href=\"https:\/\/byggdinframtid.se\/se\/yrken\/betongarbetare\/\" target=\"_blank\" rel=\"noopener\">betongarbetare<\/a> och <a href=\"https:\/\/byggdinframtid.se\/se\/yrken\/haltagare\/\" target=\"_blank\" rel=\"noopener\">h\u00e5ltagare<\/a>. Under inriktningen mark och anl\u00e4ggning ligger yrken som <a href=\"https:\/\/byggdinframtid.se\/se\/yrken\/maskinforare\/\">anl\u00e4ggningsmaskinf\u00f6rare<\/a>, <a href=\"https:\/\/byggdinframtid.se\/se\/yrken\/bergarbetare\/\">bergarbetare<\/a>,\u00a0<a href=\"https:\/\/byggdinframtid.se\/se\/yrken\/belaggningsarbetare\/\" target=\"_blank\" rel=\"noopener\">bel\u00e4ggningsarbetare<\/a> samt <a href=\"https:\/\/byggdinframtid.se\/se\/yrken\/vag-och-anlaggningsarbetare\/\">v\u00e4g- och anl\u00e4ggningsarbetare<\/a>.<\/p>\n","protected":false},"excerpt":{"rendered":"<p>Redan p\u00e5 gymnasiet kan du st\u00e4lla in ditt sikte p\u00e5 ett roligt och meningsfullt arbetsliv inom byggbranschen. V\u00e4lj bygg- och anl\u00e4ggningsprogrammet (BA) och p\u00e5b\u00f6rja din v\u00e4g mot ett yrkesbevis!<\/p>\n","protected":false},"author":1,"featured_media":0,"parent":52,"menu_order":30,"comment_status":"closed","ping_status":"closed","template":"template-roadtoindustry.php","meta":{"footnotes":""},"class_list":["post-54","page","type-page","status-publish","hentry"],"_links":{"self":[{"href":"https:\/\/byggdinframtid.se\/se\/wp-json\/wp\/v2\/pages\/54","targetHints":{"allow":["GET"]}}],"collection":[{"href":"https:\/\/byggdinframtid.se\/se\/wp-json\/wp\/v2\/pages"}],"about":[{"href":"https:\/\/byggdinframtid.se\/se\/wp-json\/wp\/v2\/types\/page"}],"author":[{"embeddable":true,"href":"https:\/\/byggdinframtid.se\/se\/wp-json\/wp\/v2\/users\/1"}],"replies":[{"embeddable":true,"href":"https:\/\/byggdinframtid.se\/se\/wp-json\/wp\/v2\/comments?post=54"}],"version-history":[{"count":33,"href":"https:\/\/byggdinframtid.se\/se\/wp-json\/wp\/v2\/pages\/54\/revisions"}],"predecessor-version":[{"id":5085,"href":"https:\/\/byggdinframtid.se\/se\/wp-json\/wp\/v2\/pages\/54\/revisions\/5085"}],"up":[{"embeddable":true,"href":"https:\/\/byggdinframtid.se\/se\/wp-json\/wp\/v2\/pages\/52"}],"wp:attachment":[{"href":"https:\/\/byggdinframtid.se\/se\/wp-json\/wp\/v2\/media?parent=54"}],"curies":[{"name":"wp","href":"https:\/\/api.w.org\/{rel}","templated":true}]}}